{"id":477,"date":"2024-11-21T23:39:23","date_gmt":"2024-11-21T23:39:23","guid":{"rendered":"https:\/\/www.nina-nico.de\/?page_id=477"},"modified":"2024-11-21T23:47:49","modified_gmt":"2024-11-21T23:47:49","slug":"spende-christian-borch","status":"publish","type":"page","link":"https:\/\/www.nina-nico.de\/?page_id=477","title":{"rendered":"<strong>Immobilien Christian Borch unterst\u00fctzt nina+nico mit gro\u00dfz\u00fcgiger Spende<\/strong>"},"content":{"rendered":"\n\n\t\t\t\t<img decoding=\"async\" loading=\"lazy\" src=\"https:\/\/www.nina-nico.de\/wp-content\/uploads\/2024\/11\/IMG_5724-scaled.jpeg\" alt=\"Spende Christian Borch\" itemprop=\"image\" height=\"1920\" width=\"2560\" title=\"Spende Christian Borch\" onerror=\"this.style.display='none'\"  \/>\n\t<p>Immobilien Christian Borch aus Wiehl &#8211; Bielstein zeigt einmal mehr, dass soziales Engagement in der Region fest verankert ist.Das Immobilienunternehmen hat insgesamt 15.000 Euro an drei wohlt\u00e4tige Organisationen gespendet.<\/p>\n<p>Jeweils 5.000 Euro gingen an die Initiativen Mamma CAMPY, die Diakonie Michaelshoven\/Wohnhilfe Oberberg und an nico+nina e. V.<\/p>\n\u201eWir m\u00f6chten unseren Erfolg mit denen teilen, die Unterst\u00fctzung am dringendsten ben\u00f6tigen,&#8220; erkl\u00e4rt Christian Borch, Inhaber des Unternehmens. Die ausgew\u00e4hlten Organisationen setzen sich f\u00fcr verschiedene, wertvolle Hilfsprojekte ein: Mamma CAMPY bietet Hilfe f\u00fcr Krebspatientinnen, die Diakonie Michaelshoven\/Wohnhilfe Oberberg engagiert sich umfassend f\u00fcr soziale Belange, insbesondere f\u00fcr die Wohnungslosenhilfe, und nico+nina e. V. \u00a0setzt sich f\u00fcr von Gewalt betroffene M\u00e4dchen, Jungen und Frauen ein.<br \/>\nMit der Spende hofft das Unternehmen, einen wertvollen Beitrag zu leisten und andere in der Region zu inspirieren, sich ebenfalls f\u00fcr Hilfsorganisationen einzusetzen.\n\n","protected":false},"excerpt":{"rendered":"<p>Immobilien Christian Borch aus Wiehl &#8211; Bielstein zeigt einmal mehr, dass soziales Engagement in der Region fest verankert ist.Das Immobilienunternehmen hat insgesamt 15.000 Euro an drei wohlt\u00e4tige Organisationen gespendet. Jeweils 5.000 Euro gingen an die Initiativen Mamma CAMPY, die Diakonie Michaelshoven\/Wohnhilfe Oberberg und an nico+nina e. V. \u201eWir m\u00f6chten unseren Erfolg mit denen teilen, die&hellip;&nbsp;<a href=\"https:\/\/www.nina-nico.de\/?page_id=477\" class=\"\" rel=\"bookmark\">Weiterlesen &raquo;<span class=\"screen-reader-text\"><strong>Immobilien Christian Borch unterst\u00fctzt nina+nico mit gro\u00dfz\u00fcgiger Spende<\/strong><\/span><\/a><\/p>\n","protected":false},"author":1,"featured_media":0,"parent":0,"menu_order":0,"comment_status":"closed","ping_status":"closed","template":"","meta":{"neve_meta_sidebar":"full-width","neve_meta_container":"","neve_meta_enable_content_width":"on","neve_meta_content_width":100,"neve_meta_title_alignment":"","neve_meta_author_avatar":"","neve_post_elements_order":"","neve_meta_disable_header":"","neve_meta_disable_footer":"","neve_meta_disable_title":"","_ti_tpc_template_sync":false,"_ti_tpc_template_id":""},"_links":{"self":[{"href":"https:\/\/www.nina-nico.de\/index.php?rest_route=\/wp\/v2\/pages\/477"}],"collection":[{"href":"https:\/\/www.nina-nico.de\/index.php?rest_route=\/wp\/v2\/pages"}],"about":[{"href":"https:\/\/www.nina-nico.de\/index.php?rest_route=\/wp\/v2\/types\/page"}],"author":[{"embeddable":true,"href":"https:\/\/www.nina-nico.de\/index.php?rest_route=\/wp\/v2\/users\/1"}],"replies":[{"embeddable":true,"href":"https:\/\/www.nina-nico.de\/index.php?rest_route=%2Fwp%2Fv2%2Fcomments&post=477"}],"version-history":[{"count":3,"href":"https:\/\/www.nina-nico.de\/index.php?rest_route=\/wp\/v2\/pages\/477\/revisions"}],"predecessor-version":[{"id":482,"href":"https:\/\/www.nina-nico.de\/index.php?rest_route=\/wp\/v2\/pages\/477\/revisions\/482"}],"wp:attachment":[{"href":"https:\/\/www.nina-nico.de\/index.php?rest_route=%2Fwp%2Fv2%2Fmedia&parent=477"}],"curies":[{"name":"wp","href":"https:\/\/api.w.org\/{rel}","templated":true}]}}