{"id":431,"date":"2023-07-23T11:38:45","date_gmt":"2023-07-23T11:38:45","guid":{"rendered":"https:\/\/www.nina-nico.de\/?page_id=431"},"modified":"2023-07-23T11:38:45","modified_gmt":"2023-07-23T11:38:45","slug":"431-2","status":"publish","type":"page","link":"https:\/\/www.nina-nico.de\/?page_id=431","title":{"rendered":""},"content":{"rendered":"\n\n\t\t\t\t<img decoding=\"async\" src=\"https:\/\/www.nina-nico.de\/wp-content\/uploads\/2023\/07\/IMG_3442.jpg\" alt=\"\" itemprop=\"image\" onerror=\"this.style.display='none'\"  \/>\n\t<p><strong>Gro\u00dfz\u00fcgige Spende vom \u201eInner Wheel Club Gummersbach&#8220;<\/strong><\/p>\nAm 31.5.23 erhielten wir in unseren R\u00e4umen von der diesj\u00e4hrigen Pr\u00e4sidentin des Inner Wheel Clubs<br \/>\nGummersbach, Frau Gerlinde M\u00fccher-Br\u00fcning (4.v.l.) und Ihrer Vizepr\u00e4sidentin, Frau Beatrix Nase<br \/>\n(3.v.l.) einen gro\u00dfz\u00fcgigen Scheck \u00fcber 15.000 \u20ac.\nDiese gro\u00dfe Summe kam u.a. durch das Benefizkonzert des Musikzuges der Freiwilligen Feuerwehr<br \/>\nBergneustadt, unter Dirigat von Heinz Rehring, (4.v.r.), zustande, sowie durch die Verk\u00e4ufe beim j\u00e4hrlich<br \/>\nausgerichteten Weihnachtsmarkt und der Film-Matinee.\nGleichzeitig wurde auch dem ambulanten Hospizdienst Gummersbach vertreten durch die<br \/>\nVereinsvorsitzende Dr. Gundula Rogos, (3.v.r.), Ihren Stellvertreter Helge Zapp, (1.v.r.) und Ihre<br \/>\nSchatzmeisterin Gabriele Schibbe, (2.v.r.) ein Scheck \u00fcbergeben.\n\n","protected":false},"excerpt":{"rendered":"<p>Gro\u00dfz\u00fcgige Spende vom \u201eInner Wheel Club Gummersbach&#8220; Am 31.5.23 erhielten wir in unseren R\u00e4umen von der diesj\u00e4hrigen Pr\u00e4sidentin des Inner Wheel Clubs Gummersbach, Frau Gerlinde M\u00fccher-Br\u00fcning (4.v.l.) und Ihrer Vizepr\u00e4sidentin, Frau Beatrix Nase (3.v.l.) einen gro\u00dfz\u00fcgigen Scheck \u00fcber 15.000 \u20ac. Diese gro\u00dfe Summe kam u.a. durch das Benefizkonzert des Musikzuges der Freiwilligen Feuerwehr Bergneustadt, unter&hellip;&nbsp;<a href=\"https:\/\/www.nina-nico.de\/?page_id=431\" class=\"\" rel=\"bookmark\">Weiterlesen &raquo;<span class=\"screen-reader-text\"><\/span><\/a><\/p>\n","protected":false},"author":1,"featured_media":0,"parent":0,"menu_order":0,"comment_status":"closed","ping_status":"closed","template":"","meta":{"neve_meta_sidebar":"full-width","neve_meta_container":"","neve_meta_enable_content_width":"on","neve_meta_content_width":100,"neve_meta_title_alignment":"","neve_meta_author_avatar":"","neve_post_elements_order":"","neve_meta_disable_header":"","neve_meta_disable_footer":"","neve_meta_disable_title":"","_ti_tpc_template_sync":false,"_ti_tpc_template_id":""},"_links":{"self":[{"href":"https:\/\/www.nina-nico.de\/index.php?rest_route=\/wp\/v2\/pages\/431"}],"collection":[{"href":"https:\/\/www.nina-nico.de\/index.php?rest_route=\/wp\/v2\/pages"}],"about":[{"href":"https:\/\/www.nina-nico.de\/index.php?rest_route=\/wp\/v2\/types\/page"}],"author":[{"embeddable":true,"href":"https:\/\/www.nina-nico.de\/index.php?rest_route=\/wp\/v2\/users\/1"}],"replies":[{"embeddable":true,"href":"https:\/\/www.nina-nico.de\/index.php?rest_route=%2Fwp%2Fv2%2Fcomments&post=431"}],"version-history":[{"count":2,"href":"https:\/\/www.nina-nico.de\/index.php?rest_route=\/wp\/v2\/pages\/431\/revisions"}],"predecessor-version":[{"id":435,"href":"https:\/\/www.nina-nico.de\/index.php?rest_route=\/wp\/v2\/pages\/431\/revisions\/435"}],"wp:attachment":[{"href":"https:\/\/www.nina-nico.de\/index.php?rest_route=%2Fwp%2Fv2%2Fmedia&parent=431"}],"curies":[{"name":"wp","href":"https:\/\/api.w.org\/{rel}","templated":true}]}}