{"id":391,"date":"2023-02-06T11:40:02","date_gmt":"2023-02-06T11:40:02","guid":{"rendered":"https:\/\/www.nina-nico.de\/?page_id=391"},"modified":"2024-11-12T10:27:05","modified_gmt":"2024-11-12T10:27:05","slug":"praevention-an-grundschulen","status":"publish","type":"page","link":"https:\/\/www.nina-nico.de\/?page_id=391","title":{"rendered":"Pr\u00e4vention an Grundschulen"},"content":{"rendered":"\n\n\t<p>Wir bieten folgende Module kostenlos f\u00fcr Grundsch\u00fcler_innen an:<\/p>\n<p><strong>Aktiv gegen Cybermobbing (ab der 3. Klasse)<\/strong><\/p>\n<p>In dem Workshop zum Thema &#8222;Cybermobbing und -grooming&#8220; lernen die Kinder grundlegendes Wissen \u00fcber Mobbing und den Besonderheiten des Cybermobbings. Sie werden f\u00fcr die Situation des Opfers sensibilisiert. Gleichzeitig erlernen die Sch\u00fcler_innen Wissen dar\u00fcber, wie sie sich in Medien vor Angriffen sch\u00fctzen k\u00f6nnen. Au\u00dferdem werden sie darin ermutigt und best\u00e4rkt aktiv gegen Mobbing vorzugehen.<\/p>\n<p><strong>Mobbing passiert uns nicht<\/strong><\/p>\n<p>In dem Workshop lernen die Sch\u00fcler_innen die unterschiedlichen Formen von Gewalt sowie die Besonderheiten des Mobbings kennen. Sie erlernen wie sich Betroffene in verschiedenen Situationen angemessen verhalten. Abgeschlossen wird das Modul mit einem Klassenvertrag, der gemeinsam aufgestellte Regeln zur Vorbeugung von Mobbing enth\u00e4lt.<\/p>\n<p><strong>Ganz sch\u00f6n viele Gef\u00fchle<\/strong><\/p>\n<p>Die Sch\u00fcler_innen lernen auf ihr Bauchgef\u00fchl zu h\u00f6ren und im Umgang mit N\u00e4he und Distanz Grenzen zu setzen. Gleichzeitig werden sie f\u00fcr die Gef\u00fchle ihrer Mitmenschen sensibilisiert. Sie lernen zwischen positiven und negativen Gef\u00fchlen zu unterscheiden.<\/p>\n<p><strong>Ganz sch\u00f6n mutig<\/strong><\/p>\n<p>Wie gehe ich mit einem Geheimnis um? Gemeinsam wird erarbeitet, wann es sich um ein positives und wann um ein negatives Geheimnis handelt. Die Sch\u00fcler_innen lernen Personen und Institutionen kennen, bei denen sie sich \u00f6ffnen k\u00f6nnen. Sie begreifen, dass es sich bei Hilfe holen nicht um einen Verrat oder Vertrauensbruch handelt.<\/p>\n\n","protected":false},"excerpt":{"rendered":"<p>Wir bieten folgende Module kostenlos f\u00fcr Grundsch\u00fcler_innen an: Aktiv gegen Cybermobbing (ab der 3. Klasse) In dem Workshop zum Thema &#8222;Cybermobbing und -grooming&#8220; lernen die Kinder grundlegendes Wissen \u00fcber Mobbing und den Besonderheiten des Cybermobbings. Sie werden f\u00fcr die Situation des Opfers sensibilisiert. Gleichzeitig erlernen die Sch\u00fcler_innen Wissen dar\u00fcber, wie sie sich in Medien vor&hellip;&nbsp;<a href=\"https:\/\/www.nina-nico.de\/?page_id=391\" class=\"\" rel=\"bookmark\">Weiterlesen &raquo;<span class=\"screen-reader-text\">Pr\u00e4vention an Grundschulen<\/span><\/a><\/p>\n","protected":false},"author":1,"featured_media":0,"parent":0,"menu_order":0,"comment_status":"closed","ping_status":"closed","template":"","meta":{"neve_meta_sidebar":"full-width","neve_meta_container":"","neve_meta_enable_content_width":"on","neve_meta_content_width":100,"neve_meta_title_alignment":"","neve_meta_author_avatar":"","neve_post_elements_order":"","neve_meta_disable_header":"","neve_meta_disable_footer":"","neve_meta_disable_title":"","_ti_tpc_template_sync":false,"_ti_tpc_template_id":""},"_links":{"self":[{"href":"https:\/\/www.nina-nico.de\/index.php?rest_route=\/wp\/v2\/pages\/391"}],"collection":[{"href":"https:\/\/www.nina-nico.de\/index.php?rest_route=\/wp\/v2\/pages"}],"about":[{"href":"https:\/\/www.nina-nico.de\/index.php?rest_route=\/wp\/v2\/types\/page"}],"author":[{"embeddable":true,"href":"https:\/\/www.nina-nico.de\/index.php?rest_route=\/wp\/v2\/users\/1"}],"replies":[{"embeddable":true,"href":"https:\/\/www.nina-nico.de\/index.php?rest_route=%2Fwp%2Fv2%2Fcomments&post=391"}],"version-history":[{"count":6,"href":"https:\/\/www.nina-nico.de\/index.php?rest_route=\/wp\/v2\/pages\/391\/revisions"}],"predecessor-version":[{"id":470,"href":"https:\/\/www.nina-nico.de\/index.php?rest_route=\/wp\/v2\/pages\/391\/revisions\/470"}],"wp:attachment":[{"href":"https:\/\/www.nina-nico.de\/index.php?rest_route=%2Fwp%2Fv2%2Fmedia&parent=391"}],"curies":[{"name":"wp","href":"https:\/\/api.w.org\/{rel}","templated":true}]}}