{"id":387,"date":"2023-02-06T11:38:28","date_gmt":"2023-02-06T11:38:28","guid":{"rendered":"https:\/\/www.nina-nico.de\/?page_id=387"},"modified":"2024-11-07T11:35:03","modified_gmt":"2024-11-07T11:35:03","slug":"praevention-weiterfuehrende-schulen-und-kindergaerten","status":"publish","type":"page","link":"https:\/\/www.nina-nico.de\/?page_id=387","title":{"rendered":"Pr\u00e4vention weiterf\u00fchrende Schule und Kindergarten"},"content":{"rendered":"\n\n\tWir sind der \u00dcberzeugung, dass ein gro\u00dfer Schutz gegen sexuelle Gewalt Information, Aufkl\u00e4rung<br \/>\nund Pr\u00e4vention zu den Themen sexuelle Gewalt, Cybermobbing, psychosexuelle Entwicklung von<br \/>\nKindern und Jugendlichen und alle anderen Themen, die diese Bereiche tangieren ist.\n<h4>Veranstaltungen f\u00fcr Kinder und Jugendliche<\/h4>\nNeben regelm\u00e4\u00dfigen Klasseninformationen f\u00fcr Sch\u00fclerinnen in den weiterf\u00fchrenden Schulen, die<br \/>\ndurch nina+nico regelm\u00e4\u00dfig beraten werden, bieten wir auch in allen anderen Schulen, die uns<br \/>\nanfragen, Projektarbeit zu Themen wie Cybermobbing und sexuelle \u00dcbergriffe und Gewalt an. In<br \/>\nKooperation mit u.a. Zartbitter e.V. K\u00f6ln sind auch Theaterst\u00fccke zu den genannten Themen<br \/>\nanfragbar.\n<h4>Veranstaltungen f\u00fcr Eltern, P\u00e4dagogen und Lehrer und Interessierte<\/h4>\nWir bieten Pr\u00e4ventions-, Informations- und Fortbildungsveranstaltungen in Kitas, Schulen, Vereine<br \/>\nund anderen \u00f6ffentlichen Tr\u00e4gern zu folgenden Themen an:\n<ul>\n<li>K\u00f6rper, Liebe, Doktorspiele<\/li>\n<li>Psychosexuelle Entwicklung von Kindern<\/li>\n<li>Psychosexuelle Entwicklung von Jugendlichen<\/li>\n<li>Sexuelle Gewalt: Fakten und Zahlen, T\u00e4ter- und Opferprofil, Folgen von sexueller Gewalt<\/li>\n<li>Sexuelle Gewalt in und durch Medien, Cybermobbing<\/li>\n<li>Intervention und Pr\u00e4vention bei Verdacht<\/li>\n<li>Hilfsangebote<\/li>\n<\/ul>\n<p>&nbsp;<\/p>\nIn einem Vorgespr\u00e4ch wird die Veranstaltung auf <strong>Ihre W\u00fcnsche<\/strong> abgestimmt.<br \/>\nZeitlich richten wir uns (wenn m\u00f6glich) nach Ihren Vorstellungen.\n\n","protected":false},"excerpt":{"rendered":"<p>Wir sind der \u00dcberzeugung, dass ein gro\u00dfer Schutz gegen sexuelle Gewalt Information, Aufkl\u00e4rung und Pr\u00e4vention zu den Themen sexuelle Gewalt, Cybermobbing, psychosexuelle Entwicklung von Kindern und Jugendlichen und alle anderen Themen, die diese Bereiche tangieren ist. Veranstaltungen f\u00fcr Kinder und Jugendliche Neben regelm\u00e4\u00dfigen Klasseninformationen f\u00fcr Sch\u00fclerinnen in den weiterf\u00fchrenden Schulen, die durch nina+nico regelm\u00e4\u00dfig beraten&hellip;&nbsp;<a href=\"https:\/\/www.nina-nico.de\/?page_id=387\" class=\"\" rel=\"bookmark\">Weiterlesen &raquo;<span class=\"screen-reader-text\">Pr\u00e4vention weiterf\u00fchrende Schule und Kindergarten<\/span><\/a><\/p>\n","protected":false},"author":1,"featured_media":0,"parent":0,"menu_order":0,"comment_status":"closed","ping_status":"closed","template":"","meta":{"neve_meta_sidebar":"full-width","neve_meta_container":"","neve_meta_enable_content_width":"on","neve_meta_content_width":100,"neve_meta_title_alignment":"","neve_meta_author_avatar":"","neve_post_elements_order":"","neve_meta_disable_header":"","neve_meta_disable_footer":"","neve_meta_disable_title":"","_ti_tpc_template_sync":false,"_ti_tpc_template_id":""},"_links":{"self":[{"href":"https:\/\/www.nina-nico.de\/index.php?rest_route=\/wp\/v2\/pages\/387"}],"collection":[{"href":"https:\/\/www.nina-nico.de\/index.php?rest_route=\/wp\/v2\/pages"}],"about":[{"href":"https:\/\/www.nina-nico.de\/index.php?rest_route=\/wp\/v2\/types\/page"}],"author":[{"embeddable":true,"href":"https:\/\/www.nina-nico.de\/index.php?rest_route=\/wp\/v2\/users\/1"}],"replies":[{"embeddable":true,"href":"https:\/\/www.nina-nico.de\/index.php?rest_route=%2Fwp%2Fv2%2Fcomments&post=387"}],"version-history":[{"count":5,"href":"https:\/\/www.nina-nico.de\/index.php?rest_route=\/wp\/v2\/pages\/387\/revisions"}],"predecessor-version":[{"id":468,"href":"https:\/\/www.nina-nico.de\/index.php?rest_route=\/wp\/v2\/pages\/387\/revisions\/468"}],"wp:attachment":[{"href":"https:\/\/www.nina-nico.de\/index.php?rest_route=%2Fwp%2Fv2%2Fmedia&parent=387"}],"curies":[{"name":"wp","href":"https:\/\/api.w.org\/{rel}","templated":true}]}}