{"id":34,"date":"2020-12-29T10:54:50","date_gmt":"2020-12-29T10:54:50","guid":{"rendered":"https:\/\/www.nina-nico.de\/?page_id=34"},"modified":"2023-02-06T12:39:14","modified_gmt":"2023-02-06T12:39:14","slug":"praevention","status":"publish","type":"page","link":"https:\/\/www.nina-nico.de\/?page_id=34","title":{"rendered":"Pr\u00e4vention"},"content":{"rendered":"\n\n\t\t\t\t<img decoding=\"async\" loading=\"lazy\" src=\"https:\/\/www.nina-nico.de\/wp-content\/uploads\/2020\/12\/bolt-1751089_1920.jpg\" alt=\"bolt-1751089_1920\" itemprop=\"image\" height=\"1223\" width=\"1920\" title=\"bolt-1751089_1920\" onerror=\"this.style.display='none'\"  \/>\n\t<p><strong>Pr\u00e4vention an Grundschulen<\/strong><\/p>\n\t<p>Wir bieten Workshops f\u00fcr Grundsch\u00fcler_innen zu verschiedenen Themen an.<\/p>\n\t\t\t<a href=\"https:\/\/www.nina-nico.de\/?page_id=391\" target=\"_self\" role=\"button\" rel=\"noopener\">\n\t\t\t\t\t\tmehr lesen\n\t\t<\/a>\n\t<p><strong>Pr\u00e4vention weiterf\u00fchrende Schule und Kindergarten<\/strong><\/p>\n\t<p>Wir bieten Pr\u00e4ventions-, Informations- und Fortbildungsveranstaltungen in Kitas, Schulen, Vereinen und anderen \u00f6ffentlichen Tr\u00e4gern an.<\/p>\n\t\t\t<a href=\"https:\/\/www.nina-nico.de\/?page_id=387\" target=\"_self\" role=\"button\" rel=\"noopener\">\n\t\t\t\t\t\tmehr lesen\n\t\t<\/a>\n\t\t\t\t<img decoding=\"async\" loading=\"lazy\" src=\"https:\/\/www.nina-nico.de\/wp-content\/uploads\/2023\/02\/padlock-g95f7c1f42_1920.jpg\" alt=\"padlock-g95f7c1f42_1920\" itemprop=\"image\" height=\"1277\" width=\"1920\" title=\"padlock-g95f7c1f42_1920\" onerror=\"this.style.display='none'\"  \/>\n\n","protected":false},"excerpt":{"rendered":"<p>Pr\u00e4vention an Grundschulen Wir bieten Workshops f\u00fcr Grundsch\u00fcler_innen zu verschiedenen Themen an. mehr lesen Pr\u00e4vention weiterf\u00fchrende Schule und Kindergarten Wir bieten Pr\u00e4ventions-, Informations- und Fortbildungsveranstaltungen in Kitas, Schulen, Vereinen und anderen \u00f6ffentlichen Tr\u00e4gern an. mehr lesen<\/p>\n","protected":false},"author":1,"featured_media":0,"parent":0,"menu_order":0,"comment_status":"closed","ping_status":"closed","template":"","meta":{"neve_meta_sidebar":"","neve_meta_container":"","neve_meta_enable_content_width":"","neve_meta_content_width":0,"neve_meta_title_alignment":"","neve_meta_author_avatar":"","neve_post_elements_order":"","neve_meta_disable_header":"","neve_meta_disable_footer":"","neve_meta_disable_title":"","_ti_tpc_template_sync":false,"_ti_tpc_template_id":""},"_links":{"self":[{"href":"https:\/\/www.nina-nico.de\/index.php?rest_route=\/wp\/v2\/pages\/34"}],"collection":[{"href":"https:\/\/www.nina-nico.de\/index.php?rest_route=\/wp\/v2\/pages"}],"about":[{"href":"https:\/\/www.nina-nico.de\/index.php?rest_route=\/wp\/v2\/types\/page"}],"author":[{"embeddable":true,"href":"https:\/\/www.nina-nico.de\/index.php?rest_route=\/wp\/v2\/users\/1"}],"replies":[{"embeddable":true,"href":"https:\/\/www.nina-nico.de\/index.php?rest_route=%2Fwp%2Fv2%2Fcomments&post=34"}],"version-history":[{"count":8,"href":"https:\/\/www.nina-nico.de\/index.php?rest_route=\/wp\/v2\/pages\/34\/revisions"}],"predecessor-version":[{"id":404,"href":"https:\/\/www.nina-nico.de\/index.php?rest_route=\/wp\/v2\/pages\/34\/revisions\/404"}],"wp:attachment":[{"href":"https:\/\/www.nina-nico.de\/index.php?rest_route=%2Fwp%2Fv2%2Fmedia&parent=34"}],"curies":[{"name":"wp","href":"https:\/\/api.w.org\/{rel}","templated":true}]}}