{"id":32,"date":"2020-12-29T10:53:56","date_gmt":"2020-12-29T10:53:56","guid":{"rendered":"https:\/\/www.nina-nico.de\/?page_id=32"},"modified":"2021-11-15T11:57:45","modified_gmt":"2021-11-15T11:57:45","slug":"paedagogische-fachkraefte","status":"publish","type":"page","link":"https:\/\/www.nina-nico.de\/?page_id=32","title":{"rendered":"P\u00e4dagogische Fachkr\u00e4fte"},"content":{"rendered":"\n\n\t<p><strong>Betreuen Sie Kinder\/Jugendliche mit sexuell auff\u00e4lligem Verhalten?<\/strong><\/p>\n<ul>\n<li>Beobachten Sie aggressives sexualisiertes Verhalten<\/li>\n<li>Beobachten Sie auff\u00e4llig gehemmtes und verst\u00f6rtes Verhalten wenn es um Sexualit\u00e4t geht<\/li>\n<\/ul>\n<p>&nbsp;<\/p>\n<h4>Irritiert Sie die psychosexuelle Entwicklung eines Kindes\/Jugendlichen?<\/h4>\n<ul>\n<li>Beobachten Sie unangemessenes Verhalten z.B. &#8222;Sich-Anbieten&#8220;, extrem sexualisierte Sprache, st\u00e4ndige Besch\u00e4ftigung mit dem Thema<\/li>\n<\/ul>\n<p>&nbsp;<\/p>\n<h4>Haben Sie den Verdacht, es k\u00f6nnte ein Fall von sexualisierter Gewalt vorliegen?<\/h4>\n<ul>\n<li>Wie k\u00f6nnen Sie Hilfe anbieten<\/li>\n<li>Wie k\u00f6nnen Sie ins Gespr\u00e4ch kommen<\/li>\n<li>Was sollten Sie m\u00f6glichst vermeiden<\/li>\n<li>Wann m\u00fcssen Sie wen \u00fcber den Verdacht informieren<\/li>\n<li>Haben Sie Unterst\u00fctzungsbedarf im Team?<\/li>\n<li>Umgang mit Verdachtsf\u00e4llen<\/li>\n<li>psychosexuelle Entwicklung<\/li>\n<li>was ist normal, was sollte beobachtet werden<\/li>\n<li>eigene Konzepte<\/li>\n<li>Elterngespr\u00e4che bei Auff\u00e4lligkeiten<\/li>\n<li>was kann das Team tragen<\/li>\n<li>wie viel Offenheit ist beim Thema Sexualit\u00e4t m\u00f6glich<\/li>\n<\/ul>\n<p>&nbsp;<\/p>\n<h4>Ben\u00f6tigen Sie Unterst\u00fctzung beim Kinderschutzauftrag?<\/h4>\n<ul>\n<li>Fallberatung\/-begleitung durch Fachkr\u00e4fte i.V. \u00a7\u00a78a,8b SGB VIII im Zusammenhang mit dem Verdacht auf Kindesmissbrauch<\/li>\n<li>Unsere Kinderschutzfachkr\u00e4fte beraten Kitas:<\/li>\n<\/ul>\n<p>P\u00e4dagogenschulung<\/p>\n<p>Fortbildung zum Thema<\/p>\n<p>Einzelfallberatung\/-begleitung<\/p>\n<ul>\n<li>Fachberatung f\u00fcr Jugend\u00e4mter und Einrichtungen der Jugendhilfe<\/li>\n<\/ul>\n\n\n","protected":false},"excerpt":{"rendered":"<p>Betreuen Sie Kinder\/Jugendliche mit sexuell auff\u00e4lligem Verhalten? Beobachten Sie aggressives sexualisiertes Verhalten Beobachten Sie auff\u00e4llig gehemmtes und verst\u00f6rtes Verhalten wenn es um Sexualit\u00e4t geht &nbsp; Irritiert Sie die psychosexuelle Entwicklung eines Kindes\/Jugendlichen? Beobachten Sie unangemessenes Verhalten z.B. &#8222;Sich-Anbieten&#8220;, extrem sexualisierte Sprache, st\u00e4ndige Besch\u00e4ftigung mit dem Thema &nbsp; Haben Sie den Verdacht, es k\u00f6nnte ein Fall&hellip;&nbsp;<a href=\"https:\/\/www.nina-nico.de\/?page_id=32\" class=\"\" rel=\"bookmark\">Weiterlesen &raquo;<span class=\"screen-reader-text\">P\u00e4dagogische Fachkr\u00e4fte<\/span><\/a><\/p>\n","protected":false},"author":1,"featured_media":0,"parent":0,"menu_order":0,"comment_status":"closed","ping_status":"closed","template":"","meta":{"neve_meta_sidebar":"","neve_meta_container":"","neve_meta_enable_content_width":"off","neve_meta_content_width":0,"neve_meta_title_alignment":"","neve_meta_author_avatar":"","neve_post_elements_order":"","neve_meta_disable_header":"","neve_meta_disable_footer":"","neve_meta_disable_title":"","_ti_tpc_template_sync":false,"_ti_tpc_template_id":""},"_links":{"self":[{"href":"https:\/\/www.nina-nico.de\/index.php?rest_route=\/wp\/v2\/pages\/32"}],"collection":[{"href":"https:\/\/www.nina-nico.de\/index.php?rest_route=\/wp\/v2\/pages"}],"about":[{"href":"https:\/\/www.nina-nico.de\/index.php?rest_route=\/wp\/v2\/types\/page"}],"author":[{"embeddable":true,"href":"https:\/\/www.nina-nico.de\/index.php?rest_route=\/wp\/v2\/users\/1"}],"replies":[{"embeddable":true,"href":"https:\/\/www.nina-nico.de\/index.php?rest_route=%2Fwp%2Fv2%2Fcomments&post=32"}],"version-history":[{"count":7,"href":"https:\/\/www.nina-nico.de\/index.php?rest_route=\/wp\/v2\/pages\/32\/revisions"}],"predecessor-version":[{"id":348,"href":"https:\/\/www.nina-nico.de\/index.php?rest_route=\/wp\/v2\/pages\/32\/revisions\/348"}],"wp:attachment":[{"href":"https:\/\/www.nina-nico.de\/index.php?rest_route=%2Fwp%2Fv2%2Fmedia&parent=32"}],"curies":[{"name":"wp","href":"https:\/\/api.w.org\/{rel}","templated":true}]}}