{"id":28,"date":"2020-12-29T10:51:48","date_gmt":"2020-12-29T10:51:48","guid":{"rendered":"https:\/\/www.nina-nico.de\/?page_id=28"},"modified":"2021-11-15T11:45:35","modified_gmt":"2021-11-15T11:45:35","slug":"kinder-und-jugendliche","status":"publish","type":"page","link":"https:\/\/www.nina-nico.de\/?page_id=28","title":{"rendered":"Betroffene Kinder und Jugendliche"},"content":{"rendered":"\n\n\t<h4>Probleme mit dir selbst<\/h4>\n<p>Wenn du Sorgen hast, weil<\/p>\n<ul>\n<li>du denkst, irgendwas an dir ist &#8222;falsch&#8220;<\/li>\n<li>du glaubst, dass niemand dich verstehen kann<\/li>\n<li>du das Gef\u00fchl hast, dass dir bestimmt niemand helfen kann<\/li>\n<li>dir Dinge widerfahren sind, die sonst niemandem passieren<\/li>\n<li>du nicht ein-oder durchschlafen kannst und Albtr\u00e4ume hast<\/li>\n<li>du deinen K\u00f6rper nicht leiden kannst<\/li>\n<li>du dich selbst verletzt<\/li>\n<li>du am liebsten weglaufen m\u00f6chtest<\/li>\n<li>du Fragen zum Thema Sexualit\u00e4t hast und niemanden, den du fragen kannst<\/li>\n<li>du Erfahrungen mit unangenehmen Bemerkungen, Blicken oder Ber\u00fchrungen hast<\/li>\n<li>du nicht wei\u00dft, wann du &#8222;Nein&#8220; sagen darfst<\/li>\n<li>du dich durch Fragen \u00fcber deinen K\u00f6rper oder deine Sexualit\u00e4t verunsichert f\u00fchlst<\/li>\n<li>du dich bedr\u00e4ngt f\u00fchlst<\/li>\n<li>du missbraucht oder vergewaltigt wurdest<\/li>\n<\/ul>\n<p>&nbsp;<\/p>\n<h4>Probleme mit Familie und Freunden<\/h4>\n<p>Wenn du Sorgen hast, weil<\/p>\n<ul>\n<li>du denkst, dass du anders als die anderen bist<\/li>\n<li>du dauernd \u00c4rger mit denen Eltern hast<\/li>\n<li>du zu Hause seelischer, k\u00f6rperlicher oder sexualisierter Gewalt ausgesetzt bist<\/li>\n<li>deine Eltern dir alles verbieten<\/li>\n<li>deinen Eltern egal ist, was du tust<\/li>\n<li>deine Freunde gemein zu dir sind<\/li>\n<li>deine Freunde Dinge machen, die du nicht gut findest<\/li>\n<li>deine Freunde dich zu Dingen \u00fcberreden oder zwingen, die du nicht magst<\/li>\n<\/ul>\n<p>&nbsp;<\/p>\n<h4>Probleme in der Schule oder in Verein\/Gemeinde\/Gruppe<\/h4>\n<p>Wenn du Sorgen hast, weil<\/p>\n<ul>\n<li>du zu viel Druck bekommst<\/li>\n<li>du dich als Au\u00dfenseiter f\u00fchlst<\/li>\n<li>du seelische, k\u00f6rperliche oder sexualisierte Gewalt durch Mitsch\u00fcler oder Lehrer erlebst<\/li>\n<\/ul>\n<p>&nbsp;<\/p>\n<h4>Digitalisierte Gewalt \/ Cyber-Mobbing<br \/>\n<\/h4>\n<p>Wenn du Sorgen hast, weil<\/p>\n<ul>\n<li>\u00fcber dich fiese Dinge behauptet oder verbreitet werden<\/li>\n<li>du gemeine Nachrichten oder Anrufe bekommst<\/li>\n<li>dich jemand zu peinlichen Fotos \u00fcberredet hat<\/li>\n<li>peinliche Fotos von dir verschickt werden<\/li>\n<li>du erpresst wirst -wenn du unsicher bist, was legal oder illegal ist<\/li>\n<li>du selbst im Netz unfair warst<\/li>\n<\/ul>\n\n","protected":false},"excerpt":{"rendered":"<p>Probleme mit dir selbst Wenn du Sorgen hast, weil du denkst, irgendwas an dir ist &#8222;falsch&#8220; du glaubst, dass niemand dich verstehen kann du das Gef\u00fchl hast, dass dir bestimmt niemand helfen kann dir Dinge widerfahren sind, die sonst niemandem passieren du nicht ein-oder durchschlafen kannst und Albtr\u00e4ume hast du deinen K\u00f6rper nicht leiden kannst&hellip;&nbsp;<a href=\"https:\/\/www.nina-nico.de\/?page_id=28\" class=\"\" rel=\"bookmark\">Weiterlesen &raquo;<span class=\"screen-reader-text\">Betroffene Kinder und Jugendliche<\/span><\/a><\/p>\n","protected":false},"author":1,"featured_media":0,"parent":0,"menu_order":0,"comment_status":"closed","ping_status":"closed","template":"","meta":{"neve_meta_sidebar":"","neve_meta_container":"","neve_meta_enable_content_width":"off","neve_meta_content_width":0,"neve_meta_title_alignment":"","neve_meta_author_avatar":"","neve_post_elements_order":"","neve_meta_disable_header":"","neve_meta_disable_footer":"","neve_meta_disable_title":"","_ti_tpc_template_sync":false,"_ti_tpc_template_id":""},"_links":{"self":[{"href":"https:\/\/www.nina-nico.de\/index.php?rest_route=\/wp\/v2\/pages\/28"}],"collection":[{"href":"https:\/\/www.nina-nico.de\/index.php?rest_route=\/wp\/v2\/pages"}],"about":[{"href":"https:\/\/www.nina-nico.de\/index.php?rest_route=\/wp\/v2\/types\/page"}],"author":[{"embeddable":true,"href":"https:\/\/www.nina-nico.de\/index.php?rest_route=\/wp\/v2\/users\/1"}],"replies":[{"embeddable":true,"href":"https:\/\/www.nina-nico.de\/index.php?rest_route=%2Fwp%2Fv2%2Fcomments&post=28"}],"version-history":[{"count":6,"href":"https:\/\/www.nina-nico.de\/index.php?rest_route=\/wp\/v2\/pages\/28\/revisions"}],"predecessor-version":[{"id":343,"href":"https:\/\/www.nina-nico.de\/index.php?rest_route=\/wp\/v2\/pages\/28\/revisions\/343"}],"wp:attachment":[{"href":"https:\/\/www.nina-nico.de\/index.php?rest_route=%2Fwp%2Fv2%2Fmedia&parent=28"}],"curies":[{"name":"wp","href":"https:\/\/api.w.org\/{rel}","templated":true}]}}