{"id":24,"date":"2020-12-29T10:39:43","date_gmt":"2020-12-29T10:39:43","guid":{"rendered":"https:\/\/www.nina-nico.de\/?page_id=24"},"modified":"2021-11-15T11:47:41","modified_gmt":"2021-11-15T11:47:41","slug":"betroffene-erwachsene","status":"publish","type":"page","link":"https:\/\/www.nina-nico.de\/?page_id=24","title":{"rendered":"Betroffene Erwachsene"},"content":{"rendered":"\n\n\t<h4>Sind Sie in einer gewaltvollen Beziehung gebunden?<\/h4>\n<ul>\n<li>Ihr Partner bestimmt \u00fcber Sie und geht \u00fcber Ihre Bed\u00fcrfnisse hinweg <\/li>\n<li>Ihr Partner schreit Sie an, beschimpft Sie oder macht Sie runter <\/li>\n<li>Ihr Partner schl\u00e4gt Sie oder ist anders k\u00f6rperlich gewaltt\u00e4tig <\/li>\n<li>Sie leiden unter sexualisierter Gewalt, Sie werden zu Geschlechtsverkehr oder Sexpraktiken gezwungen, die Sie ablehnen<\/li>\n<\/ul>\n<p>&nbsp;<\/p>\n<h4>Haben Sie fr\u00fcher unter seelischer, k\u00f6rperlicher oder sexualisierter Gewalt gelitten?<\/h4>\n<ul>\n<li>Sie haben in Ihrem Elternhaus unter Gewalt gelitten und nun werden die Eltern hilfsbed\u00fcrftig<\/li>\n<li>Sie haben in vorhergehende Beziehungen Gewaltprobleme (gehabt) und f\u00fcrchten sich davor, dass dies erneut passieren k\u00f6nnte<\/li>\n<li>Sie denken, Sie ziehen \u00fcbergriffige Personen geradezu &#8222;magnetisch&#8220; an<\/li>\n<\/ul>\n<p>&nbsp;<\/p>\n<h4>Haben Sie als Kind sexuellen Missbrauch erlitten?<\/h4>\n<ul>\n<li>Als Kind sind Menschen Ihnen gegen\u00fcber \u00fcbergriffig geworden und Sie fragen sich, ob dies eine Form von sexuellem Missbrauch war<\/li>\n<li>Sie leiden unter Erinnerungen an den fr\u00fcheren Missbrauch und f\u00fchlen sich dadurch beeintr\u00e4chtigt<\/li>\n<li>Sie fragen sich\/ ob Sie nun irgendwie noch gegen das erlittene Unrecht angehen k\u00f6nnen<\/li>\n<\/ul>\n\n","protected":false},"excerpt":{"rendered":"<p>Sind Sie in einer gewaltvollen Beziehung gebunden? Ihr Partner bestimmt \u00fcber Sie und geht \u00fcber Ihre Bed\u00fcrfnisse hinweg Ihr Partner schreit Sie an, beschimpft Sie oder macht Sie runter Ihr Partner schl\u00e4gt Sie oder ist anders k\u00f6rperlich gewaltt\u00e4tig Sie leiden unter sexualisierter Gewalt, Sie werden zu Geschlechtsverkehr oder Sexpraktiken gezwungen, die Sie ablehnen &nbsp; Haben&hellip;&nbsp;<a href=\"https:\/\/www.nina-nico.de\/?page_id=24\" class=\"\" rel=\"bookmark\">Weiterlesen &raquo;<span class=\"screen-reader-text\">Betroffene Erwachsene<\/span><\/a><\/p>\n","protected":false},"author":1,"featured_media":0,"parent":0,"menu_order":0,"comment_status":"closed","ping_status":"closed","template":"","meta":{"neve_meta_sidebar":"","neve_meta_container":"","neve_meta_enable_content_width":"off","neve_meta_content_width":0,"neve_meta_title_alignment":"","neve_meta_author_avatar":"","neve_post_elements_order":"","neve_meta_disable_header":"","neve_meta_disable_footer":"","neve_meta_disable_title":"","_ti_tpc_template_sync":false,"_ti_tpc_template_id":""},"_links":{"self":[{"href":"https:\/\/www.nina-nico.de\/index.php?rest_route=\/wp\/v2\/pages\/24"}],"collection":[{"href":"https:\/\/www.nina-nico.de\/index.php?rest_route=\/wp\/v2\/pages"}],"about":[{"href":"https:\/\/www.nina-nico.de\/index.php?rest_route=\/wp\/v2\/types\/page"}],"author":[{"embeddable":true,"href":"https:\/\/www.nina-nico.de\/index.php?rest_route=\/wp\/v2\/users\/1"}],"replies":[{"embeddable":true,"href":"https:\/\/www.nina-nico.de\/index.php?rest_route=%2Fwp%2Fv2%2Fcomments&post=24"}],"version-history":[{"count":4,"href":"https:\/\/www.nina-nico.de\/index.php?rest_route=\/wp\/v2\/pages\/24\/revisions"}],"predecessor-version":[{"id":344,"href":"https:\/\/www.nina-nico.de\/index.php?rest_route=\/wp\/v2\/pages\/24\/revisions\/344"}],"wp:attachment":[{"href":"https:\/\/www.nina-nico.de\/index.php?rest_route=%2Fwp%2Fv2%2Fmedia&parent=24"}],"curies":[{"name":"wp","href":"https:\/\/api.w.org\/{rel}","templated":true}]}}