{"id":22,"date":"2020-12-29T10:37:44","date_gmt":"2020-12-29T10:37:44","guid":{"rendered":"https:\/\/www.nina-nico.de\/?page_id=22"},"modified":"2023-02-06T11:42:49","modified_gmt":"2023-02-06T11:42:49","slug":"beratung","status":"publish","type":"page","link":"https:\/\/www.nina-nico.de\/?page_id=22","title":{"rendered":"Beratung"},"content":{"rendered":"\n\n\t<p>Die Mitarbeiterinnen von nina+nico e.V. beraten Kinder, Jugendliche und Erwachsene als Betroffene, als Angeh\u00f6rige zu Freunden und Bekannten, als LehrerInnen und ErzieherInnen, bei allen Fragen zu sexualisierter, physischer, psychischer und verbaler Gewalt.<\/p>\n<p>Sie k\u00f6nnen uns kontaktieren, wenn Sie akut betroffen sind oder wenn Sie unter vergangenen Gewalterfahrungen leiden. Auch wenn Sie pr\u00e4ventive Veranstaltungen planen oder sich dar\u00fcber informieren wollen, welche vorbeugenden Ma\u00dfnahmen es zum Schutz vor \u00dcbergriffen gibt, beraten wir Sie gerne.<\/p>\n\t\t\t\t<img decoding=\"async\" loading=\"lazy\" src=\"https:\/\/www.nina-nico.de\/wp-content\/uploads\/2020\/12\/desperate-2048905_1920.jpg\" alt=\"desperate-2048905_1920\" itemprop=\"image\" height=\"1295\" width=\"1920\" title=\"desperate-2048905_1920\" onerror=\"this.style.display='none'\"  \/>\n\t<p>Betroffene Kinder und Jugendliche<\/p>\n<p><a href=\"https:\/\/www.nina-nico.de\/?page_id=28\">Mehr lesen<\/a><\/p>\n\t\t\t\t<img decoding=\"async\" loading=\"lazy\" src=\"https:\/\/www.nina-nico.de\/wp-content\/uploads\/2020\/12\/worried-girl-413690_1920.jpg\" alt=\"worried-girl-413690_1920\" itemprop=\"image\" height=\"1280\" width=\"1920\" title=\"worried-girl-413690_1920\" onerror=\"this.style.display='none'\"  \/>\n\t<p>Betroffene Erwachsene<\/p>\n<p><a href=\"https:\/\/www.nina-nico.de\/?page_id=24\">Mehr lesen<\/a><\/p>\n\t\t\t\t<img decoding=\"async\" loading=\"lazy\" src=\"https:\/\/www.nina-nico.de\/wp-content\/uploads\/2020\/12\/team-386673_1920.jpg\" alt=\"team-386673_1920\" itemprop=\"image\" height=\"1440\" width=\"1920\" title=\"team-386673_1920\" onerror=\"this.style.display='none'\"  \/>\n\t<p>Soziales Umfeld<\/p>\n<p><a href=\"https:\/\/www.nina-nico.de\/?page_id=16\">Mehr lesen<\/a><\/p>\n\t\t\t\t<img decoding=\"async\" loading=\"lazy\" src=\"https:\/\/www.nina-nico.de\/wp-content\/uploads\/2020\/12\/for-reading-796375_1920.jpg\" alt=\"for-reading-796375_1920\" itemprop=\"image\" height=\"1080\" width=\"1920\" title=\"for-reading-796375_1920\" onerror=\"this.style.display='none'\"  \/>\n\t<p>P\u00e4dagogische Fachkr\u00e4fte<\/p>\n<p><a href=\"https:\/\/www.nina-nico.de\/?page_id=32\">Mehr lesen<\/a><\/p>\n<h2>\n\t\tResilienz\n\t<\/h2>\n\tSt\u00e4rkung der Resilienz bei Kindern nach traumatischen Erlebnissen.<br \/>\nAngesprochen werden Kinder im Alter von 5 &#8211; 11 Jahren, nach Absprache auch \u00e4lter.\n\t\t\t<a href=\"https:\/\/www.nina-nico.de\/?page_id=37\" target=\"_self\" role=\"button\" rel=\"noopener\">\n\t\t\t\t\t\t\tMehr lesen\n\t\t\t<\/a>\n\t\t\t\t<img decoding=\"async\" loading=\"lazy\" src=\"https:\/\/www.nina-nico.de\/wp-content\/uploads\/2020\/12\/nature-4167220_1920.jpg\" alt=\"nature-4167220_1920\" itemprop=\"image\" height=\"1280\" width=\"1920\" title=\"nature-4167220_1920\" onerror=\"this.style.display='none'\"  \/>\n\n","protected":false},"excerpt":{"rendered":"<p>Die Mitarbeiterinnen von nina+nico e.V. beraten Kinder, Jugendliche und Erwachsene als Betroffene, als Angeh\u00f6rige zu Freunden und Bekannten, als LehrerInnen und ErzieherInnen, bei allen Fragen zu sexualisierter, physischer, psychischer und verbaler Gewalt. Sie k\u00f6nnen uns kontaktieren, wenn Sie akut betroffen sind oder wenn Sie unter vergangenen Gewalterfahrungen leiden. Auch wenn Sie pr\u00e4ventive Veranstaltungen planen oder&hellip;&nbsp;<a href=\"https:\/\/www.nina-nico.de\/?page_id=22\" class=\"\" rel=\"bookmark\">Weiterlesen &raquo;<span class=\"screen-reader-text\">Beratung<\/span><\/a><\/p>\n","protected":false},"author":1,"featured_media":0,"parent":0,"menu_order":0,"comment_status":"closed","ping_status":"closed","template":"","meta":{"neve_meta_sidebar":"","neve_meta_container":"","neve_meta_enable_content_width":"off","neve_meta_content_width":0,"neve_meta_title_alignment":"","neve_meta_author_avatar":"","neve_post_elements_order":"","neve_meta_disable_header":"","neve_meta_disable_footer":"","neve_meta_disable_title":"","_ti_tpc_template_sync":false,"_ti_tpc_template_id":""},"_links":{"self":[{"href":"https:\/\/www.nina-nico.de\/index.php?rest_route=\/wp\/v2\/pages\/22"}],"collection":[{"href":"https:\/\/www.nina-nico.de\/index.php?rest_route=\/wp\/v2\/pages"}],"about":[{"href":"https:\/\/www.nina-nico.de\/index.php?rest_route=\/wp\/v2\/types\/page"}],"author":[{"embeddable":true,"href":"https:\/\/www.nina-nico.de\/index.php?rest_route=\/wp\/v2\/users\/1"}],"replies":[{"embeddable":true,"href":"https:\/\/www.nina-nico.de\/index.php?rest_route=%2Fwp%2Fv2%2Fcomments&post=22"}],"version-history":[{"count":14,"href":"https:\/\/www.nina-nico.de\/index.php?rest_route=\/wp\/v2\/pages\/22\/revisions"}],"predecessor-version":[{"id":399,"href":"https:\/\/www.nina-nico.de\/index.php?rest_route=\/wp\/v2\/pages\/22\/revisions\/399"}],"wp:attachment":[{"href":"https:\/\/www.nina-nico.de\/index.php?rest_route=%2Fwp%2Fv2%2Fmedia&parent=22"}],"curies":[{"name":"wp","href":"https:\/\/api.w.org\/{rel}","templated":true}]}}