{"id":209,"date":"2020-12-30T22:47:20","date_gmt":"2020-12-30T22:47:20","guid":{"rendered":"https:\/\/www.nina-nico.de\/?page_id=209"},"modified":"2022-05-31T09:15:51","modified_gmt":"2022-05-31T09:15:51","slug":"spenden","status":"publish","type":"page","link":"https:\/\/www.nina-nico.de\/?page_id=209","title":{"rendered":"Spenden"},"content":{"rendered":"\n\n\t<p>&nbsp;<\/p>\n<p>Ihre Spenden werden <strong>ausschlie\u00dflich<\/strong> zur Pr\u00e4vention, Beratung sowie der psychosozialen Unterst\u00fctzung von M\u00e4dchen, Jungen und Frauen, Kindern und Jugendlichen verwendet.<\/p>\n<p>nina+nico e.V. ist ein gemeinn\u00fctziger anerkannter Verein.<\/p>\n<p>Wir erstellen Ihnen nach Eingang Ihrer Spende umgehend eine vom Finanzamt anerkannte Spendenbescheinigung.<\/p>\n<p>&nbsp;<\/p>\n<p>Spenden f\u00fcr nina+nico e.V.\u00a0 k\u00f6nnen auf folgende Konten \u00fcberwiesen werden:<\/p>\n<p>Sparkasse Gummersbach\u00a0 \u00a0 \u00a0 IBAN DE 22 3845 0000 0000 1965 92<\/p>\n<p>Volksbank Oberberg eG\u00a0 \u00a0 \u00a0 \u00a0 \u00a0 \u00a0 \u00a0IBAN DE 05 3846 2135 7500 6370 18<\/p>\n<p>&nbsp;<\/p>\n<p>Interessierte Personen k\u00f6nnen auch Mitglied im Verein werden.<\/p>\n<p>Der Jahresbeitrag von 31\u20ac kann steuerlich abgesetzt werden.<\/p>\n<p><a href=\"https:\/\/www.nina-nico.de\/wp-content\/uploads\/2020\/12\/Beitrittserklaerung-1.pdf\">Beitrittserkl\u00e4rung herunterladen<\/a><\/p>\n\n","protected":false},"excerpt":{"rendered":"<p>&nbsp; Ihre Spenden werden ausschlie\u00dflich zur Pr\u00e4vention, Beratung sowie der psychosozialen Unterst\u00fctzung von M\u00e4dchen, Jungen und Frauen, Kindern und Jugendlichen verwendet. nina+nico e.V. ist ein gemeinn\u00fctziger anerkannter Verein. Wir erstellen Ihnen nach Eingang Ihrer Spende umgehend eine vom Finanzamt anerkannte Spendenbescheinigung. &nbsp; Spenden f\u00fcr nina+nico e.V.\u00a0 k\u00f6nnen auf folgende Konten \u00fcberwiesen werden: Sparkasse Gummersbach\u00a0 \u00a0&hellip;&nbsp;<a href=\"https:\/\/www.nina-nico.de\/?page_id=209\" class=\"\" rel=\"bookmark\">Weiterlesen &raquo;<span class=\"screen-reader-text\">Spenden<\/span><\/a><\/p>\n","protected":false},"author":1,"featured_media":0,"parent":0,"menu_order":0,"comment_status":"closed","ping_status":"closed","template":"","meta":{"neve_meta_sidebar":"full-width","neve_meta_container":"","neve_meta_enable_content_width":"off","neve_meta_content_width":100,"neve_meta_title_alignment":"","neve_meta_author_avatar":"","neve_post_elements_order":"","neve_meta_disable_header":"","neve_meta_disable_footer":"","neve_meta_disable_title":"","_ti_tpc_template_sync":false,"_ti_tpc_template_id":""},"_links":{"self":[{"href":"https:\/\/www.nina-nico.de\/index.php?rest_route=\/wp\/v2\/pages\/209"}],"collection":[{"href":"https:\/\/www.nina-nico.de\/index.php?rest_route=\/wp\/v2\/pages"}],"about":[{"href":"https:\/\/www.nina-nico.de\/index.php?rest_route=\/wp\/v2\/types\/page"}],"author":[{"embeddable":true,"href":"https:\/\/www.nina-nico.de\/index.php?rest_route=\/wp\/v2\/users\/1"}],"replies":[{"embeddable":true,"href":"https:\/\/www.nina-nico.de\/index.php?rest_route=%2Fwp%2Fv2%2Fcomments&post=209"}],"version-history":[{"count":6,"href":"https:\/\/www.nina-nico.de\/index.php?rest_route=\/wp\/v2\/pages\/209\/revisions"}],"predecessor-version":[{"id":360,"href":"https:\/\/www.nina-nico.de\/index.php?rest_route=\/wp\/v2\/pages\/209\/revisions\/360"}],"wp:attachment":[{"href":"https:\/\/www.nina-nico.de\/index.php?rest_route=%2Fwp%2Fv2%2Fmedia&parent=209"}],"curies":[{"name":"wp","href":"https:\/\/api.w.org\/{rel}","templated":true}]}}