{"id":19,"date":"2020-12-29T10:35:58","date_gmt":"2020-12-29T10:35:58","guid":{"rendered":"https:\/\/www.nina-nico.de\/?page_id=19"},"modified":"2025-05-26T11:45:45","modified_gmt":"2025-05-26T11:45:45","slug":"ausfuehrliche-form","status":"publish","type":"page","link":"https:\/\/www.nina-nico.de\/?page_id=19","title":{"rendered":"Unsere Arbeit"},"content":{"rendered":"\n\n\t\t\t\t<figure>\n\t\t\t\t<img decoding=\"async\" src=\"https:\/\/www.nina-nico.de\/wp-content\/uploads\/2020\/12\/WhatsApp-Image-2017-04-26-at-14.17.39-150x150.jpeg\" alt=\"WhatsApp-Image-2017-04-26-at-14.17.39\" itemprop=\"image\"\/>\n\t\t\t\t\t\t<figcaption>\n\t\t\t\t<h3>\n\t\t\t\t\t\t\t\tMonica Weispfennig\n\t\t\t\t\t\t\t\t<\/h3>\n\t\t\t\tVorstand\n\t\t\t\t\t\t\t<\/figcaption>\n\t\t<\/figure>\n\t\t\t\t<figure>\n\t\t\t\t<img decoding=\"async\" src=\"https:\/\/www.nina-nico.de\/wp-content\/uploads\/2020\/12\/WhatsApp-Image-2017-04-26-at-14.17.38-150x150.jpeg\" alt=\"WhatsApp-Image-2017-04-26-at-14.17.39\" itemprop=\"image\"\/>\n\t\t\t\t\t\t<figcaption>\n\t\t\t\t<h3>\n\t\t\t\t\t\t\t\tDagmar Steinmann\n\t\t\t\t\t\t\t\t<\/h3>\n\t\t\t\tVorstand\n\t\t\t\t\t\t\t<\/figcaption>\n\t\t<\/figure>\n\t<p><a href=\"https:\/\/www.nina-nico.de\/wp-content\/uploads\/2022\/02\/Flyer-Verein.pdf\">Download unseres Flyers<\/a><\/p>\n<p>&nbsp;<\/p>\n<p>nina+nico wurde <strong>1991<\/strong> als eine Beratungsstelle f\u00fcr von Gewalt betroffene M\u00e4dchen, Jungen und Frauen von der damaligen Gleichstellungsbeauftragten der Stadt Gummersbach initiiert.<\/p>\n<p>Anlass war der Mangel an ad\u00e4quaten Beratungsangeboten f\u00fcr von sexualisierter Gewalt Betroffene, sowie die erh\u00f6hte Sensibilisierung innerhalb der Bev\u00f6lkerung f\u00fcr dieses Thema.<\/p>\n<p>Als sich die Anfragen aus dem gesamten Kreisgebiet h\u00e4uften, und sich die Stadt Gummersbach aus der Finanzierung herauszog, gr\u00fcndeten wir, d.h. 8 Frauen,\u00a0 <strong>1996<\/strong> den gemeinn\u00fctzigen Verein<strong> nina+nico e.V.<\/strong><\/p>\n<p>Anfangs arbeitete &#8211; neben vielen ehrenamtlich t\u00e4tigen Frauen &#8211; eine auf Honorarbasis angestellte Beraterin, die einmal pro Woche eine offene Beratungsstunde\u00a0 in den R\u00e4umen des Bruno Goller-Hauses anbot und Beratungen an verschiedenen Gummersbacher Schulen durchf\u00fchrte.<\/p>\n<p>Mittlerweile gibt es &#8211; au\u00dfer den drei ehrenamtlich t\u00e4tigen Vorstandsfrauen &#8211; 7 auf Honorarbasis angestellte &#8211; Beraterinnen, die alle \u00fcber eine sozial-p\u00e4dagogische Fachausbildung sowie spezielle Zusatzausbildungen im Bereich der Ki+Jugend-Arbeit verf\u00fcgen, sowie eine B\u00fcrokraft, die einmal w\u00f6chentlich 4 Stunden arbeitet.<\/p>\n<h4><strong>Die Ziele des Vereins sind:<\/strong><\/h4>\n<ul>\n<li>vor allem und zuerst die opferorientierte, parteiliche, individuelle Beratung von Betroffenen.<\/li>\n<li>pers\u00f6nliche Hilfestellung bei Kl\u00e4rung von Verdachtsmomenten im Hinblick auf sex. Missbrauch und Gewalterfahrung.<\/li>\n<li>Beratung und Unterst\u00fctzung von pers\u00f6nlich Betroffenen, Eltern, LehrerInnen und ErzieherInnen.<\/li>\n<li>Pr\u00e4vention im Sinne von Aufkl\u00e4rungsarbeit f\u00fcr alle Sch\u00fclerinnen, Sch\u00fcler + Interessierte z.B. in Form von Unterrichtseinheiten<\/li>\n<li>die Kooperation mit Institutionen, Verb\u00e4nden + Personen, wie PsychotherapeutInnen, \u00c4rztInnen, Rechtsanw\u00e4ltInnen, der Polizei, den Jugend\u00e4mtern und dem &#8222;Wei\u00dfen Ring&#8220;.<\/li>\n<\/ul>\n<p>&nbsp;<\/p>\nUnsere <strong>Fachberaterinnen<\/strong> f\u00fchren in Kooperation mit den<br \/>\nSchulen <strong>Informationsveranstaltungen<\/strong> in Schulklassen und Kinderg\u00e4rtendurch. Schon seit<br \/>\nlangem arbeiten wir an insgesamt 10 weiterf\u00fchrenden Schulen in Oberberg.\n<p><strong>Gesamtschule Gummersbach Derschlag<\/strong><\/p>\n<p><strong>Realschule Waldbr\u00f6l<\/strong><\/p>\n<p><strong>Roseggerschule Waldbr\u00f6l<\/strong><\/p>\n<p><strong>Hauptschule\/Sekundarschule Morsbach<\/strong><\/p>\n<p><strong>Gymnasium Wiehl<\/strong><\/p>\n<p><strong>Waldorfschule Gummersbach<\/strong><\/p>\n<p><strong>St\u00e4dtisches Lindengymnasium Gummersbach<\/strong><\/p>\n<p><strong>Jakob-Moreno Schule<\/strong><\/p>\n<p><strong>E-Schule Vollmerhausen<\/strong><\/p>\n<p><strong>Gemeinschaftshauptschule Lindlar<\/strong><\/p>\n<p>oder nach Absprache.<\/p>\n<p>Dar\u00fcber hinaus erhalten wir immer wieder Anfragen von weiteren Schulen, die wir auch zu ber\u00fccksichtigen versuchen.<\/p>\n<p>Einmal im Jahr wird von uns in Zusammenarbeit mit den Schulen ein Theaterst\u00fcck zum Thema sexualisierte Gewalt oder Gewalt angeboten. Zum einen f\u00fcr die Altersstufe 5.\/6. Klasse zum anderen f\u00fcr die 8.\/9. Klassen.<\/p>\n<p>Auf Anfrage finden selbstverst\u00e4ndlich auch Beratungen in unseren <strong>R\u00e4umen in der K\u00f6lnerstra\u00dfe 316<\/strong> in Gummersbach statt.<\/p>\n<p>Hier sind es zum einen Kinder und Jugendliche, die entweder \u00fcber die Schulkontakte hinaus Beratungsbedarf haben, oder deren dringende W\u00fcnsche zur Krisenintervention zuerst telefonisch bei uns eingehen, zum anderen Frauen, die um Unterst\u00fctzung und Rat bei famili\u00e4rer Gewalt oder \u00e4hnlich gelagerten Problemen bitten.<\/p>\n<p>In diesen R\u00e4umen haben wir seit Anfang 2015 einen speziellen Arbeitsbereich f\u00fcr unsere Resilienz Beraterin eingerichtet.<\/p>\n<p>Der Schwerpunkt liegt vor allem in der Arbeit mit Opfern zwischen 4 und 10 Jahren, die entweder aufgrund ihrer traumatischen Erfahrungen \u201everstummt&#8220; sind oder noch zu jung, um eine Sprache bzw. Worte f\u00fcr das von ihnen Erlebte (sex. Gewalt und\/oder schwere Misshandlung) zu haben. Mit Arbeiten am Tonfeld, dem Sandkasten, mit Handspielpuppen, einem speziellen Puppenhaus und der M\u00f6glichkeit des gro\u00dffl\u00e4chigen Malens gelingt es, die psychische Widerstandsf\u00e4higkeit der Kinder zu st\u00e4rken.<\/p>\n<p>Seit Beginn unserer Statistik im Jahre 1999 haben wir nachweisbar mehr als 9400 Einzelberatungen durchgef\u00fchrt, wovon mittlerweile fast die H\u00e4lfte in den Bereich der sexualisierten Gewalt f\u00e4llt. Gefolgt von den Bereichen famili\u00e4rer Probleme, schulischer Probleme, pers\u00f6nlicher Konflikte sowie der k\u00f6rperlichen Gewalt.<\/p>\n<p>Im Jahr 2024 haben wir\u00a0 <strong>340 Einzelberatungen<\/strong> durchgef\u00fchrt.<\/p>\n<p>Seit Erstellung unserer Statistik ab dem Jahr 1999 ergeben sich<\/p>\n<p>bis zum Ende des Jahres 2024<\/p>\n<p>insgesamt\u00a0 \u00a0 \u00a0 \u00a0 \u00a0 \u00a0 \u00a0 \u00a0 \u00a0 \u00a0 \u00a0<strong> 9744\u00a0 Einzelberatungen<\/strong><\/p>\n<p>aufgeteilt in:\u00a0 \u00a0 \u00a0 \u00a0 \u00a0 \u00a0 \u00a0 \u00a0 \u00a0\u00a0 <strong>3332 F\u00e4lle sexualisierter Gewalt<\/strong><\/p>\n<p><strong>\u00a0 \u00a0 \u00a0 \u00a0 \u00a0 \u00a0 \u00a0 \u00a0 \u00a0 \u00a0 \u00a0 \u00a0 \u00a0 \u00a0 \u00a0 \u00a0 \u00a0 \u00a0 \u00a0 \u00a0 \u00a0 \u00a0 \u00a0\u00a0 1553 F\u00e4lle famili\u00e4rer Probleme<\/strong><\/p>\n<p><strong>\u00a0 \u00a0 \u00a0 \u00a0 \u00a0 \u00a0 \u00a0 \u00a0 \u00a0 \u00a0 \u00a0 \u00a0 \u00a0 \u00a0 \u00a0 \u00a0 \u00a0 \u00a0 \u00a0 \u00a0 \u00a0 \u00a0 \u00a0 \u00a01288 F\u00e4lle schulischer Probleme<\/strong><\/p>\n<p><strong>\u00a0 \u00a0 \u00a0 \u00a0 \u00a0 \u00a0 \u00a0 \u00a0 \u00a0 \u00a0 \u00a0 \u00a0 \u00a0 \u00a0 \u00a0 \u00a0 \u00a0 \u00a0 \u00a0 \u00a0 \u00a0 \u00a0 \u00a0\u00a0 1406 F\u00e4lle pers\u00f6nliche Konflikte<\/strong><\/p>\n<p><strong>\u00a0 \u00a0 \u00a0 \u00a0 \u00a0 \u00a0 \u00a0 \u00a0 \u00a0 \u00a0 \u00a0 \u00a0 \u00a0 \u00a0 \u00a0 \u00a0 \u00a0 \u00a0 \u00a0 \u00a0 \u00a0 \u00a0 \u00a0\u00a0 1092 F\u00e4lle k\u00f6rperlicher Gewalt<\/strong><\/p>\n<p><strong>\u00a0 \u00a0 \u00a0 \u00a0 \u00a0 \u00a0 \u00a0 \u00a0 \u00a0 \u00a0 \u00a0 \u00a0 \u00a0 \u00a0 \u00a0 \u00a0 \u00a0 \u00a0 \u00a0 \u00a0 \u00a0 \u00a0 \u00a0 \u00a0 1073 F\u00e4lle sonstige <\/strong><\/p>\n<p>Durch die regelm\u00e4\u00dfigen Klasseninformationen sowie die von uns unterst\u00fctzten Theaterst\u00fccke zum Thema Missbrauch und Gewalt haben wir mittlerweile mehr als 37.000 Kinder und Jugendliche erreicht, um sie \u00fcber ihre Rechte zu informieren sich bei k\u00f6rperlichen, verbalen oder sexuellen \u00dcbergriffen Rat und Hilfe zu holen und sie \u00fcber weitere Themen, wie z.B. Magersucht, Gefahren im Internet, K-O-Tropfen oder Cyber-Mobbing aufzukl\u00e4ren.<\/p>\n<p>Seit 2008 sto\u00dfen unsere Pr\u00e4ventionsveranstaltungen f\u00fcr Kinderg\u00e4rten und Grundschulen sowohl bei den P\u00e4dagog_innen und\u00a0 Erzieher_innen als auch bei den Eltern auf gro\u00dfes Interesse.<\/p>\n<p>Zudem erhalten wir immer h\u00e4ufiger Anfragen f\u00fcr\u00a0 Pr\u00e4ventionsveranstaltungen\u00a0 in der Jugend-Freizeit-Betreuung sowie von Schulen f\u00fcr Kinder und Jugendliche mit k\u00f6rperlichen oder geistigen Behinderungen.(Helen-Keller bzw. Hugo K\u00fcckelhaus Schule)<\/p>\n<p>Das sind sicherlich Gr\u00fcnde, stolz auf unsere Arbeit zu sein, vor allem, wenn wir bedenken, dass uns in den Anf\u00e4ngen der Beratungsstelle von vielen Seiten Unverst\u00e4ndnis bis hin zur H\u00e4me entgegen gebracht wurde, denn schlie\u00dflich &#8211; so lauteten die Argumente &#8211; leben wir auf dem Land, wo Gewalt &#8211; k\u00f6rperliche, seelische, sexualisierte Gewalt kaum vorkommt,\u00a0 &#8211;\u00a0 gegen\u00fcber Kindern ganz gewiss nicht.<\/p>\n<p>Die Zahlen sprechen f\u00fcr sich.<\/p>\n\n","protected":false},"excerpt":{"rendered":"<p>Monica Weispfennig Vorstand Dagmar Steinmann Vorstand Download unseres Flyers &nbsp; nina+nico wurde 1991 als eine Beratungsstelle f\u00fcr von Gewalt betroffene M\u00e4dchen, Jungen und Frauen von der damaligen Gleichstellungsbeauftragten der Stadt Gummersbach initiiert. Anlass war der Mangel an ad\u00e4quaten Beratungsangeboten f\u00fcr von sexualisierter Gewalt Betroffene, sowie die erh\u00f6hte Sensibilisierung innerhalb der Bev\u00f6lkerung f\u00fcr dieses Thema. Als&hellip;&nbsp;<a href=\"https:\/\/www.nina-nico.de\/?page_id=19\" class=\"\" rel=\"bookmark\">Weiterlesen &raquo;<span class=\"screen-reader-text\">Unsere Arbeit<\/span><\/a><\/p>\n","protected":false},"author":1,"featured_media":0,"parent":0,"menu_order":0,"comment_status":"closed","ping_status":"closed","template":"","meta":{"neve_meta_sidebar":"","neve_meta_container":"","neve_meta_enable_content_width":"off","neve_meta_content_width":0,"neve_meta_title_alignment":"","neve_meta_author_avatar":"","neve_post_elements_order":"","neve_meta_disable_header":"","neve_meta_disable_footer":"","neve_meta_disable_title":"","_ti_tpc_template_sync":false,"_ti_tpc_template_id":""},"_links":{"self":[{"href":"https:\/\/www.nina-nico.de\/index.php?rest_route=\/wp\/v2\/pages\/19"}],"collection":[{"href":"https:\/\/www.nina-nico.de\/index.php?rest_route=\/wp\/v2\/pages"}],"about":[{"href":"https:\/\/www.nina-nico.de\/index.php?rest_route=\/wp\/v2\/types\/page"}],"author":[{"embeddable":true,"href":"https:\/\/www.nina-nico.de\/index.php?rest_route=\/wp\/v2\/users\/1"}],"replies":[{"embeddable":true,"href":"https:\/\/www.nina-nico.de\/index.php?rest_route=%2Fwp%2Fv2%2Fcomments&post=19"}],"version-history":[{"count":24,"href":"https:\/\/www.nina-nico.de\/index.php?rest_route=\/wp\/v2\/pages\/19\/revisions"}],"predecessor-version":[{"id":496,"href":"https:\/\/www.nina-nico.de\/index.php?rest_route=\/wp\/v2\/pages\/19\/revisions\/496"}],"wp:attachment":[{"href":"https:\/\/www.nina-nico.de\/index.php?rest_route=%2Fwp%2Fv2%2Fmedia&parent=19"}],"curies":[{"name":"wp","href":"https:\/\/api.w.org\/{rel}","templated":true}]}}