{"id":16,"date":"2020-12-29T10:34:09","date_gmt":"2020-12-29T10:34:09","guid":{"rendered":"https:\/\/www.nina-nico.de\/?page_id=16"},"modified":"2021-11-15T11:51:06","modified_gmt":"2021-11-15T11:51:06","slug":"soziales-umfeld","status":"publish","type":"page","link":"https:\/\/www.nina-nico.de\/?page_id=16","title":{"rendered":"Soziales Umfeld"},"content":{"rendered":"\n\n\t<h4>Machen Sie Sich Sorgen um ihr Kind?<\/h4>\n<ul>\n<li>Ihr Kind kommt Ihnen ver\u00e4ndert vor ohne, dass sie eine Erkl\u00e4rung finden k\u00f6nnen<\/li>\n<li>Ihr Kind leidet unter Albtr\u00e4umen\/ Schlaflosigkeit und unerkl\u00e4rlichen Schmerzen<\/li>\n<li>Ihr Kind will pl\u00f6tzlich nicht mehr allein bleiben, will Licht im Zimmer bei Nacht oder klammert sich vermehrt an Sie<\/li>\n<li>Ihr Kind \u00e4ndert pl\u00f6tzlich Gewohnheiten oder meidet Personen, Orte oder Aktivit\u00e4ten<\/li>\n<li>Ihr Kind vernachl\u00e4ssig pl\u00f6tzlich seine K\u00f6rperhygiene, wirkt deutlich ungepflegter und nimmt stark an Gewicht zu oder ab<\/li>\n<li>Ihr Kind reagiert mit unvermittelten aggressiven Ausbr\u00fcchen oder v\u00f6lligem R\u00fcckzug<\/li>\n<\/ul>\n<p>&nbsp;<\/p>\n<h4>Haben Sie Fragen zur sexuellen Entwicklung Ihres Kindes?<\/h4>\n<ul>\n<li>Ihr Kind besch\u00e4ftigt sich mit seinen Geschlechtsorganen \/ Ihr Kind befriedigt sich selbst<\/li>\n<li>Ihr Kind fasst andere Personen an intimen Stellen an<\/li>\n<li>Ihr Kind stellt im Spiel allein oder mit anderen sexuelle Handlungen nach<\/li>\n<li>Ihr Kind stellt Fragen zu Sexualit\u00e4t<\/li>\n<\/ul>\n<p>&nbsp;<\/p>\n<h4>Hat Ihr Kind Erfahrungen mit seelischer, k\u00f6rperlicher oder sexualisierter Gewalt gemacht?<\/h4>\n<ul>\n<li>Ihr Kind berichtet von \u00dcbergriffen<\/li>\n<li>Sie haben Verhalten beobachtet, dass auf erlittene \u00dcbergriffe schlie\u00dfen l\u00e4sst<\/li>\n<li>Ihr Kind weist Verletzungen auf, die Sie nicht durch normales Spielverhalten erkl\u00e4ren k\u00f6nnen<\/li>\n<li>Sie fragen sich, wie Sie ihr Kind nach Gewalterfahrungen auffangen\/ st\u00fctzen und tr\u00f6sten k\u00f6nnen<\/li>\n<li>Die Gewalthandlungen fanden in ihrem nahen sozialen Umfeld statt (Familie\/Freunde\/Nachbarn)<\/li>\n<\/ul>\n<p>&nbsp;<\/p>\n<h4>Haben Sie Fragen zum Thema sexualisierte Gewalt \/ sexueller Missbrauch von Kindern?<\/h4>\n<ul>\n<li>Was genau ist unter &#8222;sexualisierter Gewalt&#8220; \/ &#8222;sexuellem Missbrauch&#8220; zu verstehen<\/li>\n<li>Wer sind die T\u00e4ter*innen<\/li>\n<li>Wie wahrscheinlich ist es, dass ausgerechnet ihr Kind betroffen sein kann<\/li>\n<li>Ist ein Missbrauch f\u00fcr die Entwicklung des Kindes sch\u00e4dlich<\/li>\n<li>Warum hat sich das Kind nicht gewehrt oder bei Ihnen Hilfe geholt<\/li>\n<\/ul>\n<p>&nbsp;<\/p>\n<h4>Haben Sie Fragen, wie Sie ihr Kind sch\u00fctzen k\u00f6nnen?<\/h4>\n<ul>\n<li>Ab welchem Alter kann man mit seinem Kind vorbeugend arbeiten<\/li>\n<li>Wann sollte ein Kind vor sexualisierter Gewalt \/ sexuellem Missbrauch gewarnt werden<\/li>\n<li>Wie weit muss ein Kind aufgekl\u00e4rt sein, um sich vor sexualisierter Gewalt \/ sexuellem Missbrauch sch\u00fctzen zu k\u00f6nnen<\/li>\n<li>Gibt es Kinder, die mehr gef\u00e4hrdet sind als andere<\/li>\n<li>Gibt es Material (Spiele\/B\u00fccher), die sinnvoll zur Vorbeugung eingesetzt werden k\u00f6nnen<\/li>\n<li>Gibt es Gruppen oder Programme zur Vorbeugung<\/li>\n<\/ul>\n\n","protected":false},"excerpt":{"rendered":"<p>Machen Sie Sich Sorgen um ihr Kind? Ihr Kind kommt Ihnen ver\u00e4ndert vor ohne, dass sie eine Erkl\u00e4rung finden k\u00f6nnen Ihr Kind leidet unter Albtr\u00e4umen\/ Schlaflosigkeit und unerkl\u00e4rlichen Schmerzen Ihr Kind will pl\u00f6tzlich nicht mehr allein bleiben, will Licht im Zimmer bei Nacht oder klammert sich vermehrt an Sie Ihr Kind \u00e4ndert pl\u00f6tzlich Gewohnheiten oder&hellip;&nbsp;<a href=\"https:\/\/www.nina-nico.de\/?page_id=16\" class=\"\" rel=\"bookmark\">Weiterlesen &raquo;<span class=\"screen-reader-text\">Soziales Umfeld<\/span><\/a><\/p>\n","protected":false},"author":1,"featured_media":0,"parent":0,"menu_order":0,"comment_status":"closed","ping_status":"closed","template":"","meta":{"neve_meta_sidebar":"","neve_meta_container":"","neve_meta_enable_content_width":"off","neve_meta_content_width":0,"neve_meta_title_alignment":"","neve_meta_author_avatar":"","neve_post_elements_order":"","neve_meta_disable_header":"","neve_meta_disable_footer":"","neve_meta_disable_title":"","_ti_tpc_template_sync":false,"_ti_tpc_template_id":""},"_links":{"self":[{"href":"https:\/\/www.nina-nico.de\/index.php?rest_route=\/wp\/v2\/pages\/16"}],"collection":[{"href":"https:\/\/www.nina-nico.de\/index.php?rest_route=\/wp\/v2\/pages"}],"about":[{"href":"https:\/\/www.nina-nico.de\/index.php?rest_route=\/wp\/v2\/types\/page"}],"author":[{"embeddable":true,"href":"https:\/\/www.nina-nico.de\/index.php?rest_route=\/wp\/v2\/users\/1"}],"replies":[{"embeddable":true,"href":"https:\/\/www.nina-nico.de\/index.php?rest_route=%2Fwp%2Fv2%2Fcomments&post=16"}],"version-history":[{"count":4,"href":"https:\/\/www.nina-nico.de\/index.php?rest_route=\/wp\/v2\/pages\/16\/revisions"}],"predecessor-version":[{"id":345,"href":"https:\/\/www.nina-nico.de\/index.php?rest_route=\/wp\/v2\/pages\/16\/revisions\/345"}],"wp:attachment":[{"href":"https:\/\/www.nina-nico.de\/index.php?rest_route=%2Fwp%2Fv2%2Fmedia&parent=16"}],"curies":[{"name":"wp","href":"https:\/\/api.w.org\/{rel}","templated":true}]}}